{"id":665,"date":"2019-05-21T12:39:48","date_gmt":"2019-05-21T09:39:48","guid":{"rendered":"https:\/\/santorinivolcanicterroir.gr\/lile-de-santorin\/"},"modified":"2019-05-21T12:41:37","modified_gmt":"2019-05-21T09:41:37","slug":"lile-de-santorin","status":"publish","type":"page","link":"https:\/\/santorinivolcanicterroir.gr\/fr\/lile-de-santorin\/","title":{"rendered":"L&rsquo;\u00eele de Santorin"},"content":{"rendered":"<\/div><\/div><\/div><!-- close content main div --><\/div><\/div><div id='av-layout-grid-1' class='av-layout-grid-container entry-content-wrapper main_color av-flex-cells    container_wrap fullsize'   >\n<div class=\"flex_cell no_margin av_one_full   av-zero-padding \" style='vertical-align:top; padding:0px; '><div class='flex_cell_inner' ><div class='avia-image-container avia_animated_image avia_animate_when_almost_visible pop-up av-styling-no-styling av-hover-grow noHover  av-overlay-hover-deactivate   avia-align-center '  itemscope=\"itemscope\" itemtype=\"https:\/\/schema.org\/ImageObject\"  ><div class='avia-image-container-inner'><div class='av-image-caption-overlay'><div class='av-caption-image-overlay-bg' style='opacity:0.1; background-color:#000000; '><\/div><div class='av-image-caption-overlay-position'><div class='av-image-caption-overlay-center' style='color:#ffffff; font-size:40px; '><p><strong>L&rsquo;\u00eele de Santorin<\/strong><\/p>\n<\/div><\/div><\/div><img class='avia_image ' src='https:\/\/santorinivolcanicterroir.gr\/wp-content\/uploads\/tios.jpg' alt='' title='tios'   itemprop=\"thumbnailUrl\"  \/><\/div><\/div>\n<\/div><\/div>\n<\/div>\n<\/div><\/div><\/div><!-- close content main div --><\/div><\/div><div id='av_section_1' class='avia-section main_color avia-section-no-padding avia-no-border-styling avia-bg-style-scroll   container_wrap fullsize'   ><div class='container' ><div class='template-page content  av-content-full alpha units'><div class='post-entry post-entry-type-page post-entry-665'><div class='entry-content-wrapper clearfix'>\n<div class='flex_column_table av-equal-height-column-flextable -flextable' style='margin-top:0px; margin-bottom:0px; '><div class=\"flex_column av_one_full  no_margin flex_column_table_cell av-equal-height-column av-align-top av-zero-column-padding first  \" style='background-color:#ededed; border-radius:0px; '><p><div style='height:20px' class='hr hr-invisible  '><span class='hr-inner ' ><span class='hr-inner-style'><\/span><\/span><\/div><br \/>\n<div class='avia-image-container  av-styling-    avia-align-center '  itemscope=\"itemscope\" itemtype=\"https:\/\/schema.org\/ImageObject\"  ><div class='avia-image-container-inner'><img class='avia_image ' src='https:\/\/santorinivolcanicterroir.gr\/wp-content\/uploads\/katheti-grammi.png' alt='' title='katheti grammi'   itemprop=\"thumbnailUrl\"  \/><\/div><\/div><br \/>\n<div style='height:20px' class='hr hr-invisible  '><span class='hr-inner ' ><span class='hr-inner-style'><\/span><\/span><\/div><br \/>\n<section class=\"av_textblock_section \"  itemscope=\"itemscope\" itemtype=\"https:\/\/schema.org\/CreativeWork\" ><div class='avia_textblock  '   itemprop=\"text\" ><p style=\"text-align: center;\">Il y a des endroits dans ce monde qui semblent \u00eatre exactement le contraire:<\/p>\n<h1 style=\"text-align: center;\">d&rsquo;un autre monde.<\/h1>\n<\/div><\/section><br \/>\n<div class='avia-image-container  av-styling-    avia-align-center '  itemscope=\"itemscope\" itemtype=\"https:\/\/schema.org\/ImageObject\"  ><div class='avia-image-container-inner'><img class='avia_image ' src='https:\/\/santorinivolcanicterroir.gr\/wp-content\/uploads\/island.png' alt='' title='island'   itemprop=\"thumbnailUrl\"  \/><\/div><\/div><br \/>\n<div class='avia-image-container  av-styling-    avia-align-center '  itemscope=\"itemscope\" itemtype=\"https:\/\/schema.org\/ImageObject\"  ><div class='avia-image-container-inner'><img class='avia_image ' src='https:\/\/santorinivolcanicterroir.gr\/wp-content\/uploads\/katheti-grammi.png' alt='' title='katheti grammi'   itemprop=\"thumbnailUrl\"  \/><\/div><\/div><br \/>\n<div style='height:310px' class='hr hr-invisible  '><span class='hr-inner ' ><span class='hr-inner-style'><\/span><\/span><\/div><\/p><\/div><\/div><!--close column table wrapper. Autoclose: 1 -->\n\n<\/div><\/div><\/div><!-- close content main div --><\/div><\/div><div id='av-layout-grid-2' class='av-layout-grid-container entry-content-wrapper main_color av-flex-cells    container_wrap fullsize'   >\n<div class=\"flex_cell no_margin av_one_fifth   av-zero-padding \" style='vertical-align:top; padding:0px; '><div class='flex_cell_inner' ><\/div><\/div><div class=\"flex_cell no_margin av_three_fifth   av-zero-padding \" style='vertical-align:top; padding:0px; '><div class='flex_cell_inner' ><p><div class='flex_column_table av-equal-height-column-flextable -flextable' style='margin-top:-290px; margin-bottom:0px; '><div class=\"flex_column av_one_half  no_margin flex_column_table_cell av-equal-height-column av-align-top av-zero-column-padding first  \" style='border-width:40px; border-color:rgba(255,255,255,0); border-style:solid; background-color:#ffffff; border-radius:0px; '><p><div class='avia-image-container avia_animated_image avia_animate_when_almost_visible left-to-right av-styling-no-styling av-hover-grow   avia-align-left '  itemscope=\"itemscope\" itemtype=\"https:\/\/schema.org\/ImageObject\"  ><div class='avia-image-container-inner'><img class='avia_image ' src='https:\/\/santorinivolcanicterroir.gr\/wp-content\/uploads\/xryso-kyma.png' alt='' title='xryso kyma'   itemprop=\"thumbnailUrl\"  \/><\/div><\/div><br \/>\n<div style='height:15px' class='hr hr-invisible  '><span class='hr-inner ' ><span class='hr-inner-style'><\/span><\/span><\/div><br \/>\n<section class=\"av_textblock_section \"  itemscope=\"itemscope\" itemtype=\"https:\/\/schema.org\/CreativeWork\" ><div class='avia_textblock  '  style='font-size:16px; '  itemprop=\"text\" ><p style=\"text-align: justify;\">Il y a des endroits dans ce monde qui semblent venir d&rsquo;une autre plan\u00e8te. Un paysage \u00e0 couper le souffle et une architecture sans pareil ont fait de Santorin une destination de classe mondiale. L&rsquo;histoire derri\u00e8re l&rsquo;\u00eele est tout aussi fascinante. Santorin est survenue apr\u00e8s l&rsquo;une des plus grandes \u00e9ruptions volcaniques de l&rsquo;histoire de l&rsquo;humanit\u00e9.\u00a0 Au cours de l\u2019\u00e9ruption, le centre de l&rsquo;\u00eele s&rsquo;est effondr\u00e9 profond\u00e9ment dans la mer, formant la c\u00e9l\u00e8bre Caldera de Santorin. Ce monument a cr\u00e9\u00e9 des vues spectaculaires sur l\u2019\u00eele et est vraiment l\u2019une des merveilles naturelles du monde. La destruction a form\u00e9 l&rsquo;\u00eele principale de Thira en demi-lune et a \u00e9galement cr\u00e9\u00e9 un groupe d&rsquo;\u00eeles plus petites qui constituent Santorin. Elles sont appel\u00e9esThirassia et Aspronisi. Lors de la premi\u00e8re \u00e9ruption, le premier volcan (Palaia Kameni) \u00e9tait apparu au-dessus de la surface de la mer, tandis que les \u00e9ruptions suivantes ont cr\u00e9\u00e9 un deuxi\u00e8me volcan (Nea Kameni).<\/p>\n<\/div><\/section><\/p><\/div><\/div><!--close column table wrapper. Autoclose: 1 --><div class='flex_column_table av-equal-height-column-flextable -flextable' style='margin-top:-290px; margin-bottom:0px; '><div class=\"flex_column av_one_half  no_margin flex_column_table_cell av-equal-height-column av-align-top av-zero-column-padding   \" style='background-color:#ffffff; border-radius:0px; '><div class='avia-image-container avia_animated_image avia_animate_when_almost_visible left-to-right av-styling-no-styling    avia-align-center '  itemscope=\"itemscope\" itemtype=\"https:\/\/schema.org\/ImageObject\"  ><div class='avia-image-container-inner'><img class='avia_image ' src='https:\/\/santorinivolcanicterroir.gr\/wp-content\/uploads\/island-1.jpg' alt='' title='island 1'   itemprop=\"thumbnailUrl\"  \/><\/div><\/div><\/div><\/div><!--close column table wrapper. Autoclose: 1 --><\/p>\n<\/div><\/div><div class=\"flex_cell no_margin av_one_fifth   av-zero-padding \" style='vertical-align:top; padding:0px; '><div class='flex_cell_inner' ><\/div><\/div>\n<\/div>\n<div style='height:10px' class='hr hr-invisible  '><span class='hr-inner ' ><span class='hr-inner-style'><\/span><\/span><\/div>\n<\/div><\/div><\/div><!-- close content main div --><\/div><\/div><div id='av-layout-grid-3' class='av-layout-grid-container entry-content-wrapper main_color av-flex-cells    container_wrap fullsize'   >\n<div class=\"flex_cell no_margin av_one_third   \" style='vertical-align:middle; padding:0px 20px 0px 20px ; background-color:#aa903c; '><div class='flex_cell_inner' ><p><div style='height:30px' class='hr hr-invisible  '><span class='hr-inner ' ><span class='hr-inner-style'><\/span><\/span><\/div><br \/>\n<div class='avia-image-container avia_animated_image avia_animate_when_almost_visible left-to-right av-styling-no-styling av-hover-grow   avia-align-left '  itemscope=\"itemscope\" itemtype=\"https:\/\/schema.org\/ImageObject\"  ><div class='avia-image-container-inner'><img class='avia_image ' src='https:\/\/santorinivolcanicterroir.gr\/wp-content\/uploads\/gkri-kyma.png' alt='' title='gkri kyma'   itemprop=\"thumbnailUrl\"  \/><\/div><\/div><br \/>\n<div style='height:10px' class='hr hr-invisible  '><span class='hr-inner ' ><span class='hr-inner-style'><\/span><\/span><\/div><br \/>\n<section class=\"av_textblock_section \"  itemscope=\"itemscope\" itemtype=\"https:\/\/schema.org\/CreativeWork\" ><div class='avia_textblock  av_inherit_color '  style='font-size:14px; color:#ffffff; '  itemprop=\"text\" ><p style=\"text-align: justify;\">L&rsquo;\u00eele reste un volcan actif \u00e0 ce jour. Le contraste des eaux bleues profondes \u00e0 c\u00f4t\u00e9 des plages de galets blancs, noirs et rouges cr\u00e9e un paysage inoubliable.<br \/>\nSelon certains mythes, Santorin pourrait en r\u00e9alit\u00e9 \u00eatre l\u2019\u00eele perdue de l\u2019Atlantis. Selon la description de Platon (427-437 av. J.-C.), le peuple de l&rsquo;Atlantide vivait sur l&rsquo;\u00eele avec des pouvoirs divins ; cependant, ils ont commenc\u00e9 \u00e0 les perdre progressivement et ont donc d\u00e9cid\u00e9 de conqu\u00e9rir d&rsquo;autres \u00eeles prosp\u00e8res. En d\u00e9pit de leur r\u00e9putation notoire d&rsquo;\u00eatre invaincu, les Ath\u00e9niens ont r\u00e9ussi \u00e0 leur r\u00e9sister. Selon le mythe, les anciens dieux grecs ont d\u00e9cid\u00e9 de punir le peuple de l&rsquo;Atlantide pour son arrogance, d\u00e9truisant l&rsquo;\u00eele du jour au lendemain.<\/p>\n<\/div><\/section><\/p>\n<\/div><\/div><div class=\"flex_cell no_margin av_two_third   \" style='vertical-align:middle; padding:0px 0px 0px 0px ; background-color:#aa903c; '><div class='flex_cell_inner' ><div class='avia-image-container avia_animated_image avia_animate_when_almost_visible right-to-left av-styling-no-styling    avia-align-right '  itemscope=\"itemscope\" itemtype=\"https:\/\/schema.org\/ImageObject\"  ><div class='avia-image-container-inner'><img class='avia_image ' src='https:\/\/santorinivolcanicterroir.gr\/wp-content\/uploads\/island-2.jpg' alt='' title='island 2'   itemprop=\"thumbnailUrl\"  \/><\/div><\/div>\n<\/div><\/div>\n<\/div>\n<\/div><\/div><\/div><!-- close content main div --><\/div><\/div><div id='av_section_2' class='avia-section main_color avia-section-default avia-no-shadow avia-bg-style-scroll   container_wrap fullsize'   ><div class='container' ><div class='template-page content  av-content-full alpha units'><div class='post-entry post-entry-type-page post-entry-665'><div class='entry-content-wrapper clearfix'>\n<div class='avia-image-container  av-styling-    avia-align-center '  itemscope=\"itemscope\" itemtype=\"https:\/\/schema.org\/ImageObject\"  ><div class='avia-image-container-inner'><img class='avia_image ' src='https:\/\/santorinivolcanicterroir.gr\/wp-content\/uploads\/katheti-grammi.png' alt='' title='katheti grammi'   itemprop=\"thumbnailUrl\"  \/><\/div><\/div>\n<div class='avia-image-container  av-styling-    avia-align-center '  itemscope=\"itemscope\" itemtype=\"https:\/\/schema.org\/ImageObject\"  ><div class='avia-image-container-inner'><img class='avia_image ' src='https:\/\/santorinivolcanicterroir.gr\/wp-content\/uploads\/island-3.jpg' alt='' title='island 3'   itemprop=\"thumbnailUrl\"  \/><\/div><\/div>\n\n","protected":false},"excerpt":{"rendered":"","protected":false},"author":1,"featured_media":0,"parent":0,"menu_order":0,"comment_status":"closed","ping_status":"open","template":"","meta":{"footnotes":""},"class_list":["post-665","page","type-page","status-publish","hentry"],"_links":{"self":[{"href":"https:\/\/santorinivolcanicterroir.gr\/fr\/wp-json\/wp\/v2\/pages\/665","targetHints":{"allow":["GET"]}}],"collection":[{"href":"https:\/\/santorinivolcanicterroir.gr\/fr\/wp-json\/wp\/v2\/pages"}],"about":[{"href":"https:\/\/santorinivolcanicterroir.gr\/fr\/wp-json\/wp\/v2\/types\/page"}],"author":[{"embeddable":true,"href":"https:\/\/santorinivolcanicterroir.gr\/fr\/wp-json\/wp\/v2\/users\/1"}],"replies":[{"embeddable":true,"href":"https:\/\/santorinivolcanicterroir.gr\/fr\/wp-json\/wp\/v2\/comments?post=665"}],"version-history":[{"count":10,"href":"https:\/\/santorinivolcanicterroir.gr\/fr\/wp-json\/wp\/v2\/pages\/665\/revisions"}],"predecessor-version":[{"id":676,"href":"https:\/\/santorinivolcanicterroir.gr\/fr\/wp-json\/wp\/v2\/pages\/665\/revisions\/676"}],"wp:attachment":[{"href":"https:\/\/santorinivolcanicterroir.gr\/fr\/wp-json\/wp\/v2\/media?parent=665"}],"curies":[{"name":"wp","href":"https:\/\/api.w.org\/{rel}","templated":true}]}}