{"id":662,"date":"2019-05-20T18:51:59","date_gmt":"2019-05-20T15:51:59","guid":{"rendered":"https:\/\/santorinivolcanicterroir.gr\/a-propos-de-la-campagne\/"},"modified":"2019-05-20T18:52:27","modified_gmt":"2019-05-20T15:52:27","slug":"a-propos-de-la-campagne","status":"publish","type":"page","link":"https:\/\/santorinivolcanicterroir.gr\/fr\/a-propos-de-la-campagne\/","title":{"rendered":"A propos de la campagne"},"content":{"rendered":"<\/div><\/div><\/div><!-- close content main div --><\/div><\/div><div id='av-layout-grid-1' class='av-layout-grid-container entry-content-wrapper main_color av-flex-cells    container_wrap fullsize'   >\n<div class=\"flex_cell no_margin av_one_full   av-zero-padding \" style='vertical-align:top; padding:0px; '><div class='flex_cell_inner' ><div class='avia-image-container  av-styling- av-hover-grow noHover  av-overlay-hover-deactivate   avia-align-center '  itemscope=\"itemscope\" itemtype=\"https:\/\/schema.org\/ImageObject\"  ><div class='avia-image-container-inner'><div class='av-image-caption-overlay'><div class='av-caption-image-overlay-bg' style='opacity:0.4; '><\/div><div class='av-image-caption-overlay-position'><div class='av-image-caption-overlay-center' style='color:#ffffff; font-size:40px; '><p><strong>A propos de la campagne<\/strong><\/p>\n<\/div><\/div><\/div><img class='avia_image ' src='https:\/\/santorinivolcanicterroir.gr\/wp-content\/uploads\/aboutmain.jpg' alt='' title='aboutmain'   itemprop=\"thumbnailUrl\"  \/><\/div><\/div>\n<\/div><\/div><\/div><div class=\"flex_column av_one_full  flex_column_div av-zero-column-padding first  \" style='border-radius:0px; '><section class=\"av_textblock_section \"  itemscope=\"itemscope\" itemtype=\"https:\/\/schema.org\/CreativeWork\" ><div class='avia_textblock  '  style='font-size:18px; '  itemprop=\"text\" ><p>La campagne \u00ab <em>Promotion des produits AOP Santorini aux \u00c9tats-Unis et au Canada<\/em> \u00bb est financ\u00e9e par l&rsquo;Union europ\u00e9enne et l&rsquo;Union des coop\u00e9ratives de Santorin, Santowines pour la promotion des produits AOP Santorin (vin, f\u00e8ves et tomataki) sur le march\u00e9 nord-am\u00e9ricain, en vertu du r\u00e8glement CE 1144\/ 2014.<\/p>\n<\/div><\/section><\/div><\/p>\n","protected":false},"excerpt":{"rendered":"","protected":false},"author":1,"featured_media":0,"parent":0,"menu_order":0,"comment_status":"closed","ping_status":"open","template":"","meta":{"footnotes":""},"class_list":["post-662","page","type-page","status-publish","hentry"],"_links":{"self":[{"href":"https:\/\/santorinivolcanicterroir.gr\/fr\/wp-json\/wp\/v2\/pages\/662","targetHints":{"allow":["GET"]}}],"collection":[{"href":"https:\/\/santorinivolcanicterroir.gr\/fr\/wp-json\/wp\/v2\/pages"}],"about":[{"href":"https:\/\/santorinivolcanicterroir.gr\/fr\/wp-json\/wp\/v2\/types\/page"}],"author":[{"embeddable":true,"href":"https:\/\/santorinivolcanicterroir.gr\/fr\/wp-json\/wp\/v2\/users\/1"}],"replies":[{"embeddable":true,"href":"https:\/\/santorinivolcanicterroir.gr\/fr\/wp-json\/wp\/v2\/comments?post=662"}],"version-history":[{"count":1,"href":"https:\/\/santorinivolcanicterroir.gr\/fr\/wp-json\/wp\/v2\/pages\/662\/revisions"}],"predecessor-version":[{"id":663,"href":"https:\/\/santorinivolcanicterroir.gr\/fr\/wp-json\/wp\/v2\/pages\/662\/revisions\/663"}],"wp:attachment":[{"href":"https:\/\/santorinivolcanicterroir.gr\/fr\/wp-json\/wp\/v2\/media?parent=662"}],"curies":[{"name":"wp","href":"https:\/\/api.w.org\/{rel}","templated":true}]}}