{"id":643,"date":"2019-05-20T17:49:20","date_gmt":"2019-05-20T14:49:20","guid":{"rendered":"https:\/\/santorinivolcanicterroir.gr\/page-de-garde\/"},"modified":"2019-05-21T14:08:29","modified_gmt":"2019-05-21T11:08:29","slug":"page-de-garde","status":"publish","type":"page","link":"https:\/\/santorinivolcanicterroir.gr\/fr\/","title":{"rendered":"Page de garde"},"content":{"rendered":"<div id='fullscreen_slider_1' class='avia-fullscreen-slider main_color   container_wrap fullsize'   ><a href='#next-section' title='' class='scroll-down-link av-control-default' aria-hidden='true' data-av_icon='\ue877' data-av_iconfont='entypo-fontello'><\/a><div  data-size='no scaling'  data-lightbox_size='large'  data-animation='fade'  data-ids='225,226,227'  data-video_counter='0'  data-autoplay='true'  data-bg_slider='true'  data-slide_height='100'  data-handle='av_fullscreen'  data-interval='6'  data-class=' '  data-css_id='fullscreen_slider_1'  data-scroll_down='aviaTBscroll_down'  data-control_layout='av-control-default'  data-custom_markup=''  data-perma_caption=''  data-autoplay_stopper=''  data-image_attachment=''  data-min_height='0px'  data-stretch=''  class='avia-slideshow avia-slideshow-1 av-slider-scroll-down-active av-control-default av-default-height-applied avia-slideshow-no scaling av_fullscreen   avia-fade-slider '  itemscope=\"itemscope\" itemtype=\"https:\/\/schema.org\/ImageObject\" ><ul class='avia-slideshow-inner' style='padding-bottom: 26.666666666667%;'><li style='background-position:bottom right;' data-img-url='https:\/\/santorinivolcanicterroir.gr\/wp-content\/uploads\/home31.jpg' class=' slide-1 ' ><div data-rel='slideshow-1' class='avia-slide-wrap'  ><div class = \"caption_fullwidth av-slideshow-caption caption_center\"><div class = \"container caption_container\"><div class = \"slideshow_caption\"><div class = \"slideshow_inner_caption\"><div class = \"slideshow_align_caption\"><h2  style='font-size:40px; ' class='avia-caption-title '  itemprop=\"name\" >PRODUITS EUROP\u00c9ENS EXQUIS<\/h2><div class='avia-caption-content  av_inherit_color'  itemprop=\"description\"   style='font-size:34px; '><p>SANTORINI AOP<\/p>\n<\/div><\/div><\/div><\/div><\/div><\/div><\/div><\/li><li style='background-position:center right;' data-img-url='https:\/\/santorinivolcanicterroir.gr\/wp-content\/uploads\/home21.jpg' class=' slide-2 ' ><div data-rel='slideshow-1' class='avia-slide-wrap'  ><div class = \"caption_fullwidth av-slideshow-caption caption_center\"><div class = \"container caption_container\"><div class = \"slideshow_caption\"><div class = \"slideshow_inner_caption\"><div class = \"slideshow_align_caption\"><h2  style='font-size:40px; ' class='avia-caption-title '  itemprop=\"name\" >PRODUITS EUROP\u00c9ENS EXQUIS<\/h2><div class='avia-caption-content  av_inherit_color'  itemprop=\"description\"   style='font-size:34px; '><p>SANTORINI AOP<\/p>\n<\/div><\/div><\/div><\/div><\/div><\/div><\/div><\/li><li style='background-position:top right;' data-img-url='https:\/\/santorinivolcanicterroir.gr\/wp-content\/uploads\/home11.jpg' class=' slide-3 ' ><div data-rel='slideshow-1' class='avia-slide-wrap'  ><div class = \"caption_fullwidth av-slideshow-caption caption_center\"><div class = \"container caption_container\"><div class = \"slideshow_caption\"><div class = \"slideshow_inner_caption\"><div class = \"slideshow_align_caption\"><h2  style='font-size:40px; ' class='avia-caption-title '  itemprop=\"name\" >PRODUITS EUROP\u00c9ENS EXQUIS<\/h2><div class='avia-caption-content  av_inherit_color'  itemprop=\"description\"   style='font-size:34px; '><p>SANTORINI AOP<\/p>\n<\/div><\/div><\/div><\/div><\/div><\/div><\/div><\/li><\/ul><div class='avia-slideshow-arrows avia-slideshow-controls'><a href='#prev' class='prev-slide' aria-hidden='true' data-av_icon='\ue87c' data-av_iconfont='entypo-fontello'>Pr\u00e9c\u00e9dent<\/a><a href='#next' class='next-slide' aria-hidden='true' data-av_icon='\ue87d' data-av_iconfont='entypo-fontello'>Suivant<\/a><\/div><div class='avia-slideshow-dots avia-slideshow-controls'><a href='#1' class='goto-slide active' >1<\/a><a href='#2' class='goto-slide ' >2<\/a><a href='#3' class='goto-slide ' >3<\/a><\/div><\/div><\/div>\n<\/div><\/div><\/div><!-- close content main div --><\/div><\/div><div id='av-layout-grid-1' class='av-layout-grid-container entry-content-wrapper main_color av-flex-cells    container_wrap fullsize'   >\n<div class=\"flex_cell no_margin av_one_full   \" style='vertical-align:top; padding:0px 17% 0px 17% ; '><div class='flex_cell_inner' ><section class=\"av_textblock_section \"  itemscope=\"itemscope\" itemtype=\"https:\/\/schema.org\/CreativeWork\" ><div class='avia_textblock  '  style='font-size:31px; '  itemprop=\"text\" ><p style=\"text-align: center;\"><em>Voyagez avec nous sur l&rsquo;\u00eele de Santorin, connue dans le monde entier, \u00e0 travers le go\u00fbt de ses produits agricoles exquis<\/em>.<\/p>\n<\/div><\/section>\n<\/div><\/div>\n<\/div>\n<\/div><\/div><\/div><!-- close content main div --><\/div><\/div><div id='av-layout-grid-2' class='av-layout-grid-container entry-content-wrapper main_color av-flex-cells    container_wrap fullsize'   >\n<div class=\"flex_cell no_margin av_one_full   av-zero-padding \" style='vertical-align:middle; padding:0px; '><div class='flex_cell_inner' ><div class='aviaccordion aviaccordion-title-active ' style='max-height:430px' data-av-maxheight='430' data-autoplay='false' data-interval='5'   itemscope=\"itemscope\" itemtype=\"https:\/\/schema.org\/Blog\" ><ul class='aviaccordion-inner'><li class='aviaccordion-slide aviaccordion-slide-1' style='left:0%' data-av-left='0'  itemscope=\"itemscope\" itemtype=\"https:\/\/schema.org\/CreativeWork\" ><a class='aviaccordion-slide-link noHover' href='https:\/\/santorinivolcanicterroir.gr\/fr\/quels-sont-les-produits-aop\/' ><div class='aviaccordion-preview  ' style='width:25.1%'><div class='aviaccordion-preview-title-pos'><div class='aviaccordion-preview-title-wrap'><div class='aviaccordion-preview-title'><h3 class='aviaccordion-title '  itemprop=\"headline\"  style='font-size:36px'>SANTORIN<\/h3><\/div><\/div><\/div><\/div><img loading=\"lazy\" decoding=\"async\" width=\"750\" height=\"430\" src=\"https:\/\/santorinivolcanicterroir.gr\/wp-content\/uploads\/santorini-750x430.jpg\" class=\"aviaccordion-image\" alt=\"\" \/><\/a><\/li><li class='aviaccordion-slide aviaccordion-slide-2' style='left:25%' data-av-left='25'  itemscope=\"itemscope\" itemtype=\"https:\/\/schema.org\/CreativeWork\" ><a class='aviaccordion-slide-link noHover' href='https:\/\/santorinivolcanicterroir.gr\/fr\/vins-aop-santorin\/' ><div class='aviaccordion-preview  ' style='width:25.1%'><div class='aviaccordion-preview-title-pos'><div class='aviaccordion-preview-title-wrap'><div class='aviaccordion-preview-title'><h3 class='aviaccordion-title '  itemprop=\"headline\"  style='font-size:36px'>VIN<\/h3><\/div><\/div><\/div><\/div><img loading=\"lazy\" decoding=\"async\" width=\"750\" height=\"430\" src=\"https:\/\/santorinivolcanicterroir.gr\/wp-content\/uploads\/wine-750x430.jpg\" class=\"aviaccordion-image\" alt=\"\" \/><\/a><\/li><li class='aviaccordion-slide aviaccordion-slide-3' style='left:50%' data-av-left='50'  itemscope=\"itemscope\" itemtype=\"https:\/\/schema.org\/CreativeWork\" ><a class='aviaccordion-slide-link noHover' href='https:\/\/santorinivolcanicterroir.gr\/fr\/tomataki-santorinis-aop-santorin\/' ><div class='aviaccordion-preview  ' style='width:25.1%'><div class='aviaccordion-preview-title-pos'><div class='aviaccordion-preview-title-wrap'><div class='aviaccordion-preview-title'><h3 class='aviaccordion-title '  itemprop=\"headline\"  style='font-size:36px'>TOMATE<\/h3><\/div><\/div><\/div><\/div><img loading=\"lazy\" decoding=\"async\" width=\"750\" height=\"430\" src=\"https:\/\/santorinivolcanicterroir.gr\/wp-content\/uploads\/tomato-750x430.jpg\" class=\"aviaccordion-image\" alt=\"\" \/><\/a><\/li><li class='aviaccordion-slide aviaccordion-slide-4' style='left:75%' data-av-left='75'  itemscope=\"itemscope\" itemtype=\"https:\/\/schema.org\/CreativeWork\" ><a class='aviaccordion-slide-link noHover' href='https:\/\/santorinivolcanicterroir.gr\/fr\/fava-santorinis-aop-santorin\/' ><div class='aviaccordion-preview  ' style='width:25.1%'><div class='aviaccordion-preview-title-pos'><div class='aviaccordion-preview-title-wrap'><div class='aviaccordion-preview-title'><h3 class='aviaccordion-title '  itemprop=\"headline\"  style='font-size:36px'>FAVA<\/h3><\/div><\/div><\/div><\/div><img loading=\"lazy\" decoding=\"async\" width=\"750\" height=\"430\" src=\"https:\/\/santorinivolcanicterroir.gr\/wp-content\/uploads\/fava-750x430.jpg\" class=\"aviaccordion-image\" alt=\"\" \/><\/a><\/li><\/ul><div class='aviaccordion-spacer' style='padding-bottom:28.666666666667%'><\/div><\/div>\n<\/div><\/div>\n<\/div>\n<div style='height:15px' class='hr hr-invisible  '><span class='hr-inner ' ><span class='hr-inner-style'><\/span><\/span><\/div>\n<\/div><\/div><\/div><!-- close content main div --><\/div><\/div><div id='av-layout-grid-3' class='av-layout-grid-container entry-content-wrapper main_color av-flex-cells    container_wrap fullsize'   >\n<div class=\"flex_cell no_margin av_one_half   \" style='vertical-align:top; padding:0px 0px 0px 0px ; '><div class='flex_cell_inner' ><div class='avia-image-container avia_animated_image avia_animate_when_almost_visible fade-in av-styling-no-styling    avia-align-center '  itemscope=\"itemscope\" itemtype=\"https:\/\/schema.org\/ImageObject\"  ><div class='avia-image-container-inner'><img class='avia_image ' src='https:\/\/santorinivolcanicterroir.gr\/wp-content\/uploads\/travel.jpg' alt='' title='travel'   itemprop=\"thumbnailUrl\"  \/><\/div><\/div>\n<\/div><\/div><div class=\"flex_cell no_margin av_one_half   \" style='vertical-align:top; padding:0px 17% 0px 15px ; '><div class='flex_cell_inner' ><section class=\"av_textblock_section \"  itemscope=\"itemscope\" itemtype=\"https:\/\/schema.org\/CreativeWork\" ><div class='avia_textblock  '  style='font-size:17px; '  itemprop=\"text\" ><p>Situ\u00e9e dans le sud de la mer \u00c9g\u00e9e, l&rsquo;\u00eele grecque de Santorin est connue pour son microclimat volcanique et anhydre unique. C&rsquo;est pourquoi chaque produit cultiv\u00e9 sur l&rsquo;\u00eele pr\u00e9sente des caract\u00e9ristiques uniques et une saveur in\u00e9gal\u00e9e.<\/p>\n<p>Vous pourrez go\u00fbter \u00e0 l&rsquo;histoire de l&rsquo;\u00eele gr\u00e2ce \u00e0 ses vins exceptionnels, ses f\u00e8ves (favas, type sp\u00e9cial de pois cass\u00e9s jaunes) et ses tomates (tomataki), qui sont exclusivement produits ici.<\/p>\n<\/div><\/section>\n<\/div><\/div>\n<\/div>\n<\/div><\/div><\/div><!-- close content main div --><\/div><\/div><div id='av_section_1' class='avia-section main_color avia-section-no-padding avia-no-border-styling av-parallax-section avia-bg-style-parallax   container_wrap fullsize'  data-section-bg-repeat='no-repeat' ><div class='av-parallax' data-avia-parallax-ratio='0.3' ><div class='av-parallax-inner main_color  avia-full-stretch' style = 'background-repeat: no-repeat; background-image: url(https:\/\/santorinivolcanicterroir.gr\/wp-content\/uploads\/Artboard-10-100.jpg); background-attachment: scroll; background-position: center center; ' ><\/div><\/div><div class='container' ><div class='template-page content  av-content-full alpha units'><div class='post-entry post-entry-type-page post-entry-643'><div class='entry-content-wrapper clearfix'>\n<div class='avia-image-container  av-styling-    avia-align-center '  itemscope=\"itemscope\" itemtype=\"https:\/\/schema.org\/ImageObject\"  ><div class='avia-image-container-inner'><img class='avia_image ' src='https:\/\/santorinivolcanicterroir.gr\/wp-content\/uploads\/unbox.png' alt='' title='unbox'   itemprop=\"thumbnailUrl\"  \/><\/div><\/div>\n<section class=\"av_textblock_section \"  itemscope=\"itemscope\" itemtype=\"https:\/\/schema.org\/CreativeWork\" ><div class='avia_textblock  av_inherit_color '  style='font-size:20px; color:#ffffff; '  itemprop=\"text\" ><p>Continuez le d\u00e9ballage pour en savoir plus sur les produits \u00e0 appellation d&rsquo;origine prot\u00e9g\u00e9e (AOP) de Santorin, la fava et la tomataki !<\/p>\n<\/div><\/section>\n\n<\/div><\/div><\/div><!-- close content main div --><\/div><\/div><div id='av-layout-grid-4' class='av-layout-grid-container entry-content-wrapper main_color av-flex-cells    container_wrap fullsize'   >\n<div class=\"flex_cell no_margin av_one_full   \" style='vertical-align:top; padding:0px 17% 0px 17% ; background-color:#e8e8e8; '><div class='flex_cell_inner' ><p><div class='flex_column_table av-equal-height-column-flextable -flextable' ><div class=\"flex_column av_three_fourth  no_margin flex_column_table_cell av-equal-height-column av-align-middle av-zero-column-padding first  \" style='border-radius:0px; '><section class=\"av_textblock_section \"  itemscope=\"itemscope\" itemtype=\"https:\/\/schema.org\/CreativeWork\" ><div class='avia_textblock  '  style='font-size:31px; '  itemprop=\"text\" ><p style=\"text-align: left;\">Votre opinion compte, nous en avons besoin!<\/p>\n<p style=\"text-align: left;\">Veuillez remplir notre sondage!<\/p>\n<\/div><\/section><\/div><\/div><!--close column table wrapper. Autoclose: 1 --><div class='flex_column_table av-equal-height-column-flextable -flextable' ><div class=\"flex_column av_one_fourth  no_margin flex_column_table_cell av-equal-height-column av-align-middle av-zero-column-padding   \" style='border-radius:0px; '><div class='avia-button-wrap avia-button-center '><a href='https:\/\/docs.google.com\/forms\/d\/e\/1FAIpQLSchGfM_mE6R8U9R93oshG_PJOmbRetVbb4Zn9xa4sdMFooOqg\/viewform' class='avia-button av-icon-on-hover  avia-icon_select-yes-left-icon avia-color-theme-color avia-size-large avia-position-center '  target=\"_blank\"   ><span class='avia_button_icon avia_button_icon_left ' aria-hidden='true' data-av_icon='\ue835' data-av_iconfont='entypo-fontello'><\/span><span class='avia_iconbox_title' >GO<\/span><\/a><\/div><\/div><\/div><!--close column table wrapper. Autoclose: 1 --><\/p>\n<\/div><\/div><\/div><\/div><\/div><\/div><!-- close content main div --><\/div><\/div><div id='av-layout-grid-5' class='av-layout-grid-container entry-content-wrapper main_color av-flex-cells    container_wrap fullsize'   >\n<div class=\"flex_cell no_margin av_one_fourth   \" style='vertical-align:middle; padding:0px 0px 0px 30px ; '><div class='flex_cell_inner' ><div class='avia-image-container  av-styling-    avia-align-left '  itemscope=\"itemscope\" itemtype=\"https:\/\/schema.org\/ImageObject\"  ><div class='avia-image-container-inner'><img class='avia_image ' src='https:\/\/santorinivolcanicterroir.gr\/wp-content\/uploads\/EU-300x68.jpg' alt='' title='Impression'   itemprop=\"thumbnailUrl\"  \/><\/div><\/div>\n<\/div><\/div><div class=\"flex_cell no_margin av_one_fourth   av-zero-padding \" style='vertical-align:middle; padding:0px; '><div class='flex_cell_inner' ><section class=\"av_textblock_section \"  itemscope=\"itemscope\" itemtype=\"https:\/\/schema.org\/CreativeWork\" ><div class='avia_textblock  av_inherit_color '  style='font-size:12px; color:#000000; '  itemprop=\"text\" ><p style=\"text-align: center;\">THE EUROPEAN UNION SUPPORTS<br \/>\nCAMPAIGN THAT PROMOTE HIGH<br \/>\nQUALITY AGRICULTURAL PRODUCTS<\/p>\n<\/div><\/section>\n<\/div><\/div><div class=\"flex_cell no_margin av_one_fourth   av-zero-padding \" style='vertical-align:top; padding:0px; '><div class='flex_cell_inner' ><div class='avia-image-container  av-styling-    avia-align-center '  itemscope=\"itemscope\" itemtype=\"https:\/\/schema.org\/ImageObject\"  ><div class='avia-image-container-inner'><img class='avia_image ' src='https:\/\/santorinivolcanicterroir.gr\/wp-content\/uploads\/pop.jpg' alt='' title='pop'   itemprop=\"thumbnailUrl\"  \/><\/div><\/div>\n<\/div><\/div><div class=\"flex_cell no_margin av_one_fourth   \" style='vertical-align:top; padding:0px 30px 0px 0px ; '><div class='flex_cell_inner' ><div class='avia-image-container  av-styling-    avia-align-right '  itemscope=\"itemscope\" itemtype=\"https:\/\/schema.org\/ImageObject\"  ><div class='avia-image-container-inner'><img class='avia_image ' src='https:\/\/santorinivolcanicterroir.gr\/wp-content\/uploads\/enjoy.jpg' alt='' title='enjoy'   itemprop=\"thumbnailUrl\"  \/><\/div><\/div>\n<\/div><\/div>\n<\/div><\/p>\n<\/div><\/div><\/div><!-- close content main div --><\/div><\/div><div id='av-layout-grid-6' class='av-layout-grid-container entry-content-wrapper main_color av-flex-cells    container_wrap fullsize'   >\n<div class=\"flex_cell no_margin av_one_full   \" style='vertical-align:middle; padding:0px 30px 0px 30px ; '><div class='flex_cell_inner' ><section class=\"av_textblock_section \"  itemscope=\"itemscope\" itemtype=\"https:\/\/schema.org\/CreativeWork\" ><div class='avia_textblock  av_inherit_color '  style='font-size:12px; color:#000000; '  itemprop=\"text\" ><p style=\"text-align: justify;\">The content of this promotion campaign represents the views of the author only and is his\/her sole responsibility. The European Commission and the Consumers, Health, Agriculture and Food Executive Agency (CHAFEA) do not accept any responsibility for any use that may be made of the information it contains.<\/p>\n<\/div><\/section>\n<\/div><\/div>\n<\/div>\n","protected":false},"excerpt":{"rendered":"","protected":false},"author":1,"featured_media":0,"parent":0,"menu_order":0,"comment_status":"closed","ping_status":"open","template":"","meta":{"footnotes":""},"class_list":["post-643","page","type-page","status-publish","hentry"],"_links":{"self":[{"href":"https:\/\/santorinivolcanicterroir.gr\/fr\/wp-json\/wp\/v2\/pages\/643","targetHints":{"allow":["GET"]}}],"collection":[{"href":"https:\/\/santorinivolcanicterroir.gr\/fr\/wp-json\/wp\/v2\/pages"}],"about":[{"href":"https:\/\/santorinivolcanicterroir.gr\/fr\/wp-json\/wp\/v2\/types\/page"}],"author":[{"embeddable":true,"href":"https:\/\/santorinivolcanicterroir.gr\/fr\/wp-json\/wp\/v2\/users\/1"}],"replies":[{"embeddable":true,"href":"https:\/\/santorinivolcanicterroir.gr\/fr\/wp-json\/wp\/v2\/comments?post=643"}],"version-history":[{"count":3,"href":"https:\/\/santorinivolcanicterroir.gr\/fr\/wp-json\/wp\/v2\/pages\/643\/revisions"}],"predecessor-version":[{"id":694,"href":"https:\/\/santorinivolcanicterroir.gr\/fr\/wp-json\/wp\/v2\/pages\/643\/revisions\/694"}],"wp:attachment":[{"href":"https:\/\/santorinivolcanicterroir.gr\/fr\/wp-json\/wp\/v2\/media?parent=643"}],"curies":[{"name":"wp","href":"https:\/\/api.w.org\/{rel}","templated":true}]}}